{"id":116,"date":"2023-01-01T15:53:26","date_gmt":"2023-01-01T14:53:26","guid":{"rendered":"https:\/\/solemanda.com\/?page_id=116"},"modified":"2023-08-15T13:55:00","modified_gmt":"2023-08-15T11:55:00","slug":"charte-de-deontologie","status":"publish","type":"page","link":"https:\/\/solemanda.com\/en\/charte-de-deontologie\/","title":{"rendered":"Code of ethics"},"content":{"rendered":"<style>.kb-row-layout-wrap.wp-block-kadence-rowlayout.kb-row-layout-id116_1d22b0-24{margin-top:0px;margin-bottom:0px;}.kb-row-layout-id116_1d22b0-24 > .kt-row-column-wrap{align-content:start;}:where(.kb-row-layout-id116_1d22b0-24 > .kt-row-column-wrap) > .wp-block-kadence-column{justify-content:start;}.kb-row-layout-id116_1d22b0-24 > .kt-row-column-wrap{column-gap:var(--global-kb-gap-md, 2rem);row-gap:var(--global-kb-gap-md, 2rem);padding-top:var(--global-kb-spacing-sm, 1.5rem);padding-bottom:var(--global-kb-spacing-sm, 1.5rem);grid-template-columns:minmax(0, 1fr);}.kb-row-layout-id116_1d22b0-24{background-image:url('https:\/\/solemanda.com\/wp-content\/uploads\/2023\/01\/F254C446-4D37-49B2-B59C-E1DF71E5C196-1-scaled.jpeg');background-size:cover;background-position:center center;background-attachment:fixed;background-repeat:repeat;}.kb-row-layout-id116_1d22b0-24 > .kt-row-layout-overlay{opacity:0.50;background-color:var(--global-palette9, #ffffff);}.kb-row-layout-id116_1d22b0-24 .kt-row-layout-bottom-sep{height:100px;}.kb-row-layout-id116_1d22b0-24 .kt-row-layout-bottom-sep svg{width:100%;}.kb-row-layout-id116_1d22b0-24 .kt-row-layout-bottom-sep svg{fill:#ffffff!important;}@media all and (max-width: 1024px), only screen and (min-device-width: 1024px) and (max-device-width: 1366px) and (-webkit-min-device-pixel-ratio: 2) and (hover: none){.kb-row-layout-id116_1d22b0-24{background-attachment:scroll;}}@media all and (max-width: 1024px){.kb-row-layout-id116_1d22b0-24 > .kt-row-column-wrap{grid-template-columns:minmax(0, 1fr);}}@media all and (max-width: 1024px){.kb-row-layout-id116_1d22b0-24 .kt-row-layout-bottom-sep{height:px;}}@media all and (max-width: 1024px){.kb-row-layout-id116_1d22b0-24 .kt-row-layout-bottom-sep svg{width:%;}}@media all and (max-width: 767px){.kb-row-layout-id116_1d22b0-24 > .kt-row-column-wrap{padding-right:0px;padding-left:0px;grid-template-columns:minmax(0, 1fr);}.kb-row-layout-id116_1d22b0-24 .kt-row-layout-bottom-sep{height:px;}.kb-row-layout-id116_1d22b0-24 .kt-row-layout-bottom-sep svg{width:%;}}<\/style><div class=\"kb-row-layout-wrap kb-row-layout-id116_1d22b0-24 alignfull kt-row-has-bg wp-block-kadence-rowlayout\"><div class=\"kt-row-layout-overlay kt-row-overlay-normal\"><\/div><div class=\"kt-row-column-wrap kt-has-1-columns kt-row-layout-equal kt-tab-layout-inherit kt-mobile-layout-row kt-row-valign-top\">\n<style>.kadence-column116_9b9f47-93 > .kt-inside-inner-col{padding-right:150px;padding-left:150px;}.kadence-column116_9b9f47-93 > .kt-inside-inner-col,.kadence-column116_9b9f47-93 > .kt-inside-inner-col:before{border-top-left-radius:0px;border-top-right-radius:0px;border-bottom-right-radius:0px;border-bottom-left-radius:0px;}.kadence-column116_9b9f47-93 > .kt-inside-inner-col{column-gap:var(--global-kb-gap-sm, 1rem);}.kadence-column116_9b9f47-93 > .kt-inside-inner-col{flex-direction:column;}.kadence-column116_9b9f47-93 > .kt-inside-inner-col > .aligncenter{width:100%;}.kadence-column116_9b9f47-93 > .kt-inside-inner-col:before{opacity:0.3;}.kadence-column116_9b9f47-93{position:relative;}@media all and (max-width: 1024px){.kadence-column116_9b9f47-93 > .kt-inside-inner-col{flex-direction:column;justify-content:center;}}@media all and (max-width: 767px){.kadence-column116_9b9f47-93 > .kt-inside-inner-col{padding-right:10px;padding-left:10px;flex-direction:column;justify-content:center;}}<\/style>\n<div class=\"wp-block-kadence-column kadence-column116_9b9f47-93 inner-column-1\"><div class=\"kt-inside-inner-col\">\n<p class=\"has-theme-palette-3-color has-text-color\"><em>The practitioner undertakes to:<\/em><\/p>\n\n\n\n<p class=\"has-theme-palette-3-color has-text-color\"><em>1. Exercise his activity with humility, honesty and faith, without discrimination, in the best interests of the client, without exercising any value judgement.<\/em><\/p>\n\n\n\n<p class=\"has-theme-palette-3-color has-text-color\"><em>2.  Never ask for a treatment to be interrupted and refer a client without delay to a doctor or another practitioner if he\/she is in a better position to treat the case.<\/em><\/p>\n\n\n\n<p class=\"has-theme-palette-3-color has-text-color\"><em>3. Although creative visualization is essential in the healing process, it must remain solely in the mind of the therapist. The therapist cannot promise a result that could give false hope.<\/em><\/p>\n\n\n\n<p class=\"has-theme-palette-3-color has-text-color\"><em>4. Refrain from any disparaging, defamatory or insulting discourse, or speech that calls into question the quality and effectiveness of the various healthcare professions.<\/em><\/p>\n\n\n\n<p class=\"has-theme-palette-3-color has-text-color\"><em>5. Not to take  advantage of the influence associated with their role, and in particular to exclude any form of religious, political or sectarian proselytism.<\/em><\/p>\n\n\n\n<p class=\"has-theme-palette-3-color has-text-color\"><em>6. Allow the customer complete freedom of therapeutic choice at all times, and to respect and promote their autonomy as much as possible, in particular by allowing a period of one month between each appointment.<\/em><\/p>\n\n\n\n<p class=\"has-theme-palette-3-color has-text-color\"><em>7. Strictly respect the obligation of professional secrecy, and take all measures to ensure personal hygiene and the hygiene of the consultation area necessary for proper treatment.<\/em><\/p>\n\n\n\n<p class=\"has-theme-palette-3-color has-text-color\"><em>8. Clearly explain to clients the nature, prices and terms and conditions of sessions.<\/em><\/p>\n\n\n\n<p class=\"has-theme-palette-3-color has-text-color\"><em>9. Comply with legal and regulatory obligations in force.<\/em><\/p>\n\n\n\n<p class=\"has-theme-palette-3-color has-text-color\"><em>10. Do not announce a new problem for which there is no solution, risking further plunging your client into disarray; mainly issues linked to the invisible, and therefore \u201cunverifiable\u201d : previous life, transgenerational, wandering soul, bad luck\u2026<\/em><\/p>\n<\/div><\/div>\n\n<\/div><\/div>","protected":false},"excerpt":{"rendered":"<p>Le praticien s&rsquo;engage \u00e0 : 1. Exercer son activit\u00e9 avec humilit\u00e9, honn\u00eatet\u00e9 et foi, sans discrimination, dans le meilleur int\u00e9r\u00eat du client, sans exercer aucun jugement de valeur. 2.&nbsp; Ne jamais demander l\u2019interruption d\u2019un traitement et adresser sans tarder un client \u00e0 un m\u00e9decin ou un autre praticien s&rsquo;il \u00e9tait mieux \u00e0 m\u00eame de traiter&#8230;<\/p>","protected":false},"author":1,"featured_media":101,"parent":0,"menu_order":0,"comment_status":"closed","ping_status":"closed","template":"","meta":{"_kadence_starter_templates_imported_post":false,"_kad_post_transparent":"default","_kad_post_title":"default","_kad_post_layout":"narrow","_kad_post_sidebar_id":"","_kad_post_content_style":"default","_kad_post_vertical_padding":"default","_kad_post_feature":"default","_kad_post_feature_position":"","_kad_post_header":false,"_kad_post_footer":false,"footnotes":""},"class_list":["post-116","page","type-page","status-publish","has-post-thumbnail","hentry"],"_links":{"self":[{"href":"https:\/\/solemanda.com\/en\/wp-json\/wp\/v2\/pages\/116","targetHints":{"allow":["GET"]}}],"collection":[{"href":"https:\/\/solemanda.com\/en\/wp-json\/wp\/v2\/pages"}],"about":[{"href":"https:\/\/solemanda.com\/en\/wp-json\/wp\/v2\/types\/page"}],"author":[{"embeddable":true,"href":"https:\/\/solemanda.com\/en\/wp-json\/wp\/v2\/users\/1"}],"replies":[{"embeddable":true,"href":"https:\/\/solemanda.com\/en\/wp-json\/wp\/v2\/comments?post=116"}],"version-history":[{"count":29,"href":"https:\/\/solemanda.com\/en\/wp-json\/wp\/v2\/pages\/116\/revisions"}],"predecessor-version":[{"id":2734,"href":"https:\/\/solemanda.com\/en\/wp-json\/wp\/v2\/pages\/116\/revisions\/2734"}],"wp:featuredmedia":[{"embeddable":true,"href":"https:\/\/solemanda.com\/en\/wp-json\/wp\/v2\/media\/101"}],"wp:attachment":[{"href":"https:\/\/solemanda.com\/en\/wp-json\/wp\/v2\/media?parent=116"}],"curies":[{"name":"wp","href":"https:\/\/api.w.org\/{rel}","templated":true}]}}