{"id":2090,"date":"2023-05-07T15:44:28","date_gmt":"2023-05-07T13:44:28","guid":{"rendered":"https:\/\/solemanda.com\/?page_id=2090"},"modified":"2023-06-13T22:31:46","modified_gmt":"2023-06-13T20:31:46","slug":"mentions-legales","status":"publish","type":"page","link":"https:\/\/solemanda.com\/en\/mentions-legales\/","title":{"rendered":"Legal Notice"},"content":{"rendered":"<style>.kb-row-layout-id_1dbd83-a2 > .kt-row-column-wrap{align-content:start;}:where(.kb-row-layout-id_1dbd83-a2 > .kt-row-column-wrap) > .wp-block-kadence-column{justify-content:start;}.kb-row-layout-id_1dbd83-a2 > .kt-row-column-wrap{column-gap:var(--global-kb-gap-md, 2rem);row-gap:var(--global-kb-gap-md, 2rem);padding-top:var(--global-kb-spacing-sm, 1.5rem);padding-bottom:var(--global-kb-spacing-sm, 1.5rem);grid-template-columns:minmax(0, 1fr);}.kb-row-layout-id_1dbd83-a2 > .kt-row-layout-overlay{opacity:0.30;}@media all and (max-width: 1024px){.kb-row-layout-id_1dbd83-a2 > .kt-row-column-wrap{grid-template-columns:minmax(0, 1fr);}}@media all and (max-width: 767px){.kb-row-layout-id_1dbd83-a2 > .kt-row-column-wrap{grid-template-columns:minmax(0, 1fr);}}<\/style><div class=\"kb-row-layout-wrap kb-row-layout-id_1dbd83-a2 alignnone wp-block-kadence-rowlayout\"><div class=\"kt-row-column-wrap kt-has-1-columns kt-row-layout-equal kt-tab-layout-inherit kt-mobile-layout-row kt-row-valign-top\">\n<style>.kadence-column_0919e1-bb > .kt-inside-inner-col,.kadence-column_0919e1-bb > .kt-inside-inner-col:before{border-top-left-radius:0px;border-top-right-radius:0px;border-bottom-right-radius:0px;border-bottom-left-radius:0px;}.kadence-column_0919e1-bb > .kt-inside-inner-col{column-gap:var(--global-kb-gap-sm, 1rem);}.kadence-column_0919e1-bb > .kt-inside-inner-col{flex-direction:column;}.kadence-column_0919e1-bb > .kt-inside-inner-col > .aligncenter{width:100%;}.kadence-column_0919e1-bb > .kt-inside-inner-col:before{opacity:0.3;}.kadence-column_0919e1-bb{position:relative;}@media all and (max-width: 1024px){.kadence-column_0919e1-bb > .kt-inside-inner-col{flex-direction:column;justify-content:center;}}@media all and (max-width: 767px){.kadence-column_0919e1-bb > .kt-inside-inner-col{flex-direction:column;justify-content:center;}}<\/style>\n<div class=\"wp-block-kadence-column kadence-column_0919e1-bb\" id=\"-mentions-l\u00e9gales-\"><div class=\"kt-inside-inner-col\"><style>.wp-block-kadence-advancedheading.kt-adv-heading_6547d1-ce, .wp-block-kadence-advancedheading.kt-adv-heading_6547d1-ce[data-kb-block=\"kb-adv-heading_6547d1-ce\"]{padding-top:0px;margin-top:50px;font-style:normal;}.wp-block-kadence-advancedheading.kt-adv-heading_6547d1-ce mark.kt-highlight, .wp-block-kadence-advancedheading.kt-adv-heading_6547d1-ce[data-kb-block=\"kb-adv-heading_6547d1-ce\"] mark.kt-highlight{font-style:normal;color:#f76a0c;-webkit-box-decoration-break:clone;box-decoration-break:clone;padding-top:0px;padding-right:0px;padding-bottom:0px;padding-left:0px;}.wp-block-kadence-advancedheading.kt-adv-heading_6547d1-ce img.kb-inline-image, .wp-block-kadence-advancedheading.kt-adv-heading_6547d1-ce[data-kb-block=\"kb-adv-heading_6547d1-ce\"] img.kb-inline-image{width:150px;vertical-align:baseline;}<\/style>\n<h3 class=\"kt-adv-heading_6547d1-ce wp-block-kadence-advancedheading\" data-kb-block=\"kb-adv-heading_6547d1-ce\">Unregulated liberal individual business Amanda FILLON&nbsp;&nbsp;<\/h3>\n\n\n<style>.wp-block-kadence-advancedheading.kt-adv-heading_733231-8e, .wp-block-kadence-advancedheading.kt-adv-heading_733231-8e[data-kb-block=\"kb-adv-heading_733231-8e\"]{font-style:normal;}.wp-block-kadence-advancedheading.kt-adv-heading_733231-8e mark.kt-highlight, .wp-block-kadence-advancedheading.kt-adv-heading_733231-8e[data-kb-block=\"kb-adv-heading_733231-8e\"] mark.kt-highlight{font-style:normal;color:#f76a0c;-webkit-box-decoration-break:clone;box-decoration-break:clone;padding-top:0px;padding-right:0px;padding-bottom:0px;padding-left:0px;}.wp-block-kadence-advancedheading.kt-adv-heading_733231-8e img.kb-inline-image, .wp-block-kadence-advancedheading.kt-adv-heading_733231-8e[data-kb-block=\"kb-adv-heading_733231-8e\"] img.kb-inline-image{width:150px;vertical-align:baseline;}<\/style>\n<h3 class=\"kt-adv-heading_733231-8e wp-block-kadence-advancedheading\" data-kb-block=\"kb-adv-heading_733231-8e\">SOLEMANDA&nbsp;<\/h3>\n\n\n<style>.wp-block-kadence-advancedheading.kt-adv-heading_bc73dc-9e, .wp-block-kadence-advancedheading.kt-adv-heading_bc73dc-9e[data-kb-block=\"kb-adv-heading_bc73dc-9e\"]{font-style:normal;}.wp-block-kadence-advancedheading.kt-adv-heading_bc73dc-9e mark.kt-highlight, .wp-block-kadence-advancedheading.kt-adv-heading_bc73dc-9e[data-kb-block=\"kb-adv-heading_bc73dc-9e\"] mark.kt-highlight{font-style:normal;color:#f76a0c;-webkit-box-decoration-break:clone;box-decoration-break:clone;padding-top:0px;padding-right:0px;padding-bottom:0px;padding-left:0px;}.wp-block-kadence-advancedheading.kt-adv-heading_bc73dc-9e img.kb-inline-image, .wp-block-kadence-advancedheading.kt-adv-heading_bc73dc-9e[data-kb-block=\"kb-adv-heading_bc73dc-9e\"] img.kb-inline-image{width:150px;vertical-align:baseline;}<\/style>\n<h3 class=\"kt-adv-heading_bc73dc-9e wp-block-kadence-advancedheading\" data-kb-block=\"kb-adv-heading_bc73dc-9e\">7 all\u00e9e Marguerite de Navarre&nbsp;<\/h3>\n\n\n<style>.wp-block-kadence-advancedheading.kt-adv-heading_d6e5e7-6d, .wp-block-kadence-advancedheading.kt-adv-heading_d6e5e7-6d[data-kb-block=\"kb-adv-heading_d6e5e7-6d\"]{font-style:normal;}.wp-block-kadence-advancedheading.kt-adv-heading_d6e5e7-6d mark.kt-highlight, .wp-block-kadence-advancedheading.kt-adv-heading_d6e5e7-6d[data-kb-block=\"kb-adv-heading_d6e5e7-6d\"] mark.kt-highlight{font-style:normal;color:#f76a0c;-webkit-box-decoration-break:clone;box-decoration-break:clone;padding-top:0px;padding-right:0px;padding-bottom:0px;padding-left:0px;}.wp-block-kadence-advancedheading.kt-adv-heading_d6e5e7-6d img.kb-inline-image, .wp-block-kadence-advancedheading.kt-adv-heading_d6e5e7-6d[data-kb-block=\"kb-adv-heading_d6e5e7-6d\"] img.kb-inline-image{width:150px;vertical-align:baseline;}<\/style>\n<h3 class=\"kt-adv-heading_d6e5e7-6d wp-block-kadence-advancedheading\" data-kb-block=\"kb-adv-heading_d6e5e7-6d\">95240 Cormeilles-en-Parisis&nbsp;<\/h3>\n\n\n<style>.wp-block-kadence-advancedheading.kt-adv-heading_e36d42-29, .wp-block-kadence-advancedheading.kt-adv-heading_e36d42-29[data-kb-block=\"kb-adv-heading_e36d42-29\"]{font-style:normal;}.wp-block-kadence-advancedheading.kt-adv-heading_e36d42-29 mark.kt-highlight, .wp-block-kadence-advancedheading.kt-adv-heading_e36d42-29[data-kb-block=\"kb-adv-heading_e36d42-29\"] mark.kt-highlight{font-style:normal;color:#f76a0c;-webkit-box-decoration-break:clone;box-decoration-break:clone;padding-top:0px;padding-right:0px;padding-bottom:0px;padding-left:0px;}.wp-block-kadence-advancedheading.kt-adv-heading_e36d42-29 img.kb-inline-image, .wp-block-kadence-advancedheading.kt-adv-heading_e36d42-29[data-kb-block=\"kb-adv-heading_e36d42-29\"] img.kb-inline-image{width:150px;vertical-align:baseline;}<\/style>\n<h3 class=\"kt-adv-heading_e36d42-29 wp-block-kadence-advancedheading\" data-kb-block=\"kb-adv-heading_e36d42-29\"><strong><u>Publication Manager<\/u><\/strong>&nbsp;:&nbsp;Amanda FILLON&nbsp;<\/h3>\n\n\n<style>.wp-block-kadence-advancedheading.kt-adv-heading_a9e2a6-34, .wp-block-kadence-advancedheading.kt-adv-heading_a9e2a6-34[data-kb-block=\"kb-adv-heading_a9e2a6-34\"]{font-style:normal;}.wp-block-kadence-advancedheading.kt-adv-heading_a9e2a6-34 mark.kt-highlight, .wp-block-kadence-advancedheading.kt-adv-heading_a9e2a6-34[data-kb-block=\"kb-adv-heading_a9e2a6-34\"] mark.kt-highlight{font-style:normal;color:#f76a0c;-webkit-box-decoration-break:clone;box-decoration-break:clone;padding-top:0px;padding-right:0px;padding-bottom:0px;padding-left:0px;}.wp-block-kadence-advancedheading.kt-adv-heading_a9e2a6-34 img.kb-inline-image, .wp-block-kadence-advancedheading.kt-adv-heading_a9e2a6-34[data-kb-block=\"kb-adv-heading_a9e2a6-34\"] img.kb-inline-image{width:150px;vertical-align:baseline;}<\/style>\n<h3 class=\"kt-adv-heading_a9e2a6-34 wp-block-kadence-advancedheading\" data-kb-block=\"kb-adv-heading_a9e2a6-34\"><strong><u>You can contact me<\/u><\/strong>&nbsp;at (+33) 06 88 03 05 43 or by email at the following address: contact@solemanda.com&nbsp;&nbsp;<\/h3>\n\n\n<style>.wp-block-kadence-advancedheading.kt-adv-heading_b41920-a5, .wp-block-kadence-advancedheading.kt-adv-heading_b41920-a5[data-kb-block=\"kb-adv-heading_b41920-a5\"]{font-style:normal;}.wp-block-kadence-advancedheading.kt-adv-heading_b41920-a5 mark.kt-highlight, .wp-block-kadence-advancedheading.kt-adv-heading_b41920-a5[data-kb-block=\"kb-adv-heading_b41920-a5\"] mark.kt-highlight{font-style:normal;color:#f76a0c;-webkit-box-decoration-break:clone;box-decoration-break:clone;padding-top:0px;padding-right:0px;padding-bottom:0px;padding-left:0px;}.wp-block-kadence-advancedheading.kt-adv-heading_b41920-a5 img.kb-inline-image, .wp-block-kadence-advancedheading.kt-adv-heading_b41920-a5[data-kb-block=\"kb-adv-heading_b41920-a5\"] img.kb-inline-image{width:150px;vertical-align:baseline;}<\/style>\n<h3 class=\"kt-adv-heading_b41920-a5 wp-block-kadence-advancedheading\" data-kb-block=\"kb-adv-heading_b41920-a5\">Registered with RCS 94834378500010 registered with INSEE&nbsp;<\/h3>\n\n\n<style>.wp-block-kadence-advancedheading.kt-adv-heading_024d95-db, .wp-block-kadence-advancedheading.kt-adv-heading_024d95-db[data-kb-block=\"kb-adv-heading_024d95-db\"]{font-style:normal;}.wp-block-kadence-advancedheading.kt-adv-heading_024d95-db mark.kt-highlight, .wp-block-kadence-advancedheading.kt-adv-heading_024d95-db[data-kb-block=\"kb-adv-heading_024d95-db\"] mark.kt-highlight{font-style:normal;color:#f76a0c;-webkit-box-decoration-break:clone;box-decoration-break:clone;padding-top:0px;padding-right:0px;padding-bottom:0px;padding-left:0px;}.wp-block-kadence-advancedheading.kt-adv-heading_024d95-db img.kb-inline-image, .wp-block-kadence-advancedheading.kt-adv-heading_024d95-db[data-kb-block=\"kb-adv-heading_024d95-db\"] img.kb-inline-image{width:150px;vertical-align:baseline;}<\/style>\n<h3 class=\"kt-adv-heading_024d95-db wp-block-kadence-advancedheading\" data-kb-block=\"kb-adv-heading_024d95-db\">VAT not applicable, art.293-B of the CGI&nbsp;<\/h3>\n\n\n<style>.wp-block-kadence-advancedheading.kt-adv-heading_8857a0-e9, .wp-block-kadence-advancedheading.kt-adv-heading_8857a0-e9[data-kb-block=\"kb-adv-heading_8857a0-e9\"]{font-style:normal;}.wp-block-kadence-advancedheading.kt-adv-heading_8857a0-e9 mark.kt-highlight, .wp-block-kadence-advancedheading.kt-adv-heading_8857a0-e9[data-kb-block=\"kb-adv-heading_8857a0-e9\"] mark.kt-highlight{font-style:normal;color:#f76a0c;-webkit-box-decoration-break:clone;box-decoration-break:clone;padding-top:0px;padding-right:0px;padding-bottom:0px;padding-left:0px;}.wp-block-kadence-advancedheading.kt-adv-heading_8857a0-e9 img.kb-inline-image, .wp-block-kadence-advancedheading.kt-adv-heading_8857a0-e9[data-kb-block=\"kb-adv-heading_8857a0-e9\"] img.kb-inline-image{width:150px;vertical-align:baseline;}<\/style>\n<h3 class=\"kt-adv-heading_8857a0-e9 wp-block-kadence-advancedheading\" data-kb-block=\"kb-adv-heading_8857a0-e9\"><strong><u>This site is hosted by :<\/u><\/strong>&nbsp;Infomaniak Network SA \u2013 Rue Eug\u00e8ne Marziano 25 \u2013 1227 Les Acacias (GE) \u2013 Geneva, Switzerland&nbsp;<\/h3>\n\n\n<style>.wp-block-kadence-advancedheading.kt-adv-heading_b533f1-de, .wp-block-kadence-advancedheading.kt-adv-heading_b533f1-de[data-kb-block=\"kb-adv-heading_b533f1-de\"]{font-style:normal;}.wp-block-kadence-advancedheading.kt-adv-heading_b533f1-de mark.kt-highlight, .wp-block-kadence-advancedheading.kt-adv-heading_b533f1-de[data-kb-block=\"kb-adv-heading_b533f1-de\"] mark.kt-highlight{font-style:normal;color:#f76a0c;-webkit-box-decoration-break:clone;box-decoration-break:clone;padding-top:0px;padding-right:0px;padding-bottom:0px;padding-left:0px;}.wp-block-kadence-advancedheading.kt-adv-heading_b533f1-de img.kb-inline-image, .wp-block-kadence-advancedheading.kt-adv-heading_b533f1-de[data-kb-block=\"kb-adv-heading_b533f1-de\"] img.kb-inline-image{width:150px;vertical-align:baseline;}<\/style>\n<h3 class=\"kt-adv-heading_b533f1-de wp-block-kadence-advancedheading\" data-kb-block=\"kb-adv-heading_b533f1-de\">Company headquarters : Les Acacias, Geneva, Switzerland&nbsp;<\/h3>\n\n\n<style>.wp-block-kadence-advancedheading.kt-adv-heading_39f4fc-76, .wp-block-kadence-advancedheading.kt-adv-heading_39f4fc-76[data-kb-block=\"kb-adv-heading_39f4fc-76\"]{font-style:normal;}.wp-block-kadence-advancedheading.kt-adv-heading_39f4fc-76 mark.kt-highlight, .wp-block-kadence-advancedheading.kt-adv-heading_39f4fc-76[data-kb-block=\"kb-adv-heading_39f4fc-76\"] mark.kt-highlight{font-style:normal;color:#f76a0c;-webkit-box-decoration-break:clone;box-decoration-break:clone;padding-top:0px;padding-right:0px;padding-bottom:0px;padding-left:0px;}.wp-block-kadence-advancedheading.kt-adv-heading_39f4fc-76 img.kb-inline-image, .wp-block-kadence-advancedheading.kt-adv-heading_39f4fc-76[data-kb-block=\"kb-adv-heading_39f4fc-76\"] img.kb-inline-image{width:150px;vertical-align:baseline;}<\/style>\n<h3 class=\"kt-adv-heading_39f4fc-76 wp-block-kadence-advancedheading\" data-kb-block=\"kb-adv-heading_39f4fc-76\">Commercial register of the canton of Geneva CH-660.0.059.996-1 IDE number: CHE-103.167.648 VAT number: CHE-103.167.648. https:\/\/infomaniak.com&nbsp;<\/h3>\n<\/div><\/div>\n\n<\/div><\/div>","protected":false},"excerpt":{"rendered":"<p>Entreprise individuelle lib\u00e9rale non r\u00e9glement\u00e9e Amanda FILLON&nbsp;&nbsp; SOLEMANDA&nbsp; 7 all\u00e9e Marguerite de Navarre&nbsp; 95240 Cormeilles-en-Parisis&nbsp; Responsable de Publication&nbsp;:&nbsp;Amanda FILLON&nbsp; Vous pouvez me contacter&nbsp;au (+33) 06 88 03 05 43 ou par email \u00e0 l\u2019adresse suivante : contact@solemanda.com&nbsp;&nbsp; Immatricul\u00e9e au RCS 94834378500010 inscrite \u00e0 l\u2019INSEE&nbsp; TVA non applicable, art.293-B du CGI&nbsp; Le pr\u00e9sent site est h\u00e9berg\u00e9&#8230;<\/p>","protected":false},"author":1,"featured_media":0,"parent":0,"menu_order":0,"comment_status":"closed","ping_status":"closed","template":"","meta":{"_kadence_starter_templates_imported_post":false,"_kad_post_transparent":"","_kad_post_title":"","_kad_post_layout":"","_kad_post_sidebar_id":"","_kad_post_content_style":"","_kad_post_vertical_padding":"","_kad_post_feature":"","_kad_post_feature_position":"","_kad_post_header":false,"_kad_post_footer":false,"footnotes":""},"class_list":["post-2090","page","type-page","status-publish","hentry"],"_links":{"self":[{"href":"https:\/\/solemanda.com\/en\/wp-json\/wp\/v2\/pages\/2090","targetHints":{"allow":["GET"]}}],"collection":[{"href":"https:\/\/solemanda.com\/en\/wp-json\/wp\/v2\/pages"}],"about":[{"href":"https:\/\/solemanda.com\/en\/wp-json\/wp\/v2\/types\/page"}],"author":[{"embeddable":true,"href":"https:\/\/solemanda.com\/en\/wp-json\/wp\/v2\/users\/1"}],"replies":[{"embeddable":true,"href":"https:\/\/solemanda.com\/en\/wp-json\/wp\/v2\/comments?post=2090"}],"version-history":[{"count":6,"href":"https:\/\/solemanda.com\/en\/wp-json\/wp\/v2\/pages\/2090\/revisions"}],"predecessor-version":[{"id":2209,"href":"https:\/\/solemanda.com\/en\/wp-json\/wp\/v2\/pages\/2090\/revisions\/2209"}],"wp:attachment":[{"href":"https:\/\/solemanda.com\/en\/wp-json\/wp\/v2\/media?parent=2090"}],"curies":[{"name":"wp","href":"https:\/\/api.w.org\/{rel}","templated":true}]}}